{"id":2321,"date":"2026-02-15T19:21:54","date_gmt":"2026-02-15T18:21:54","guid":{"rendered":"https:\/\/nenedemo.ovh\/TAEKWORPRESS\/?page_id=2321"},"modified":"2026-02-23T21:41:17","modified_gmt":"2026-02-23T20:41:17","slug":"infos","status":"publish","type":"page","link":"https:\/\/nenedemo.ovh\/TAEKWORPRESS\/?page_id=2321","title":{"rendered":"Infos"},"content":{"rendered":"\n<h2 class=\"wp-block-heading\"><mark style=\"background-color:rgba(0, 0, 0, 0)\" class=\"has-inline-color has-luminous-vivid-orange-color\">Calendrier des Passages de Grades ASM Taekwondo Pau<\/mark><\/h2>\n\n\n\n<p><mark style=\"background-color:rgba(0, 0, 0, 0)\" class=\"has-inline-color has-black-color\">L&#8217;\u00e9valuation se d\u00e9roulera en deux \u00e9tapes majeures:<\/mark><\/p>\n\n\n\n<h4 class=\"wp-block-heading\"><mark style=\"background-color:rgba(0, 0, 0, 0)\" class=\"has-inline-color has-black-color\">\u00c9tape 1 : Technique de base &amp; Self-d\u00e9fense<\/mark><\/h4>\n\n\n\n<ul class=\"wp-block-list\">\n<li><mark style=\"background-color:rgba(0, 0, 0, 0)\" class=\"has-inline-color has-black-color\"><strong>Dates :<\/strong> Lundi 15 juin &amp; Mercredi 17 juin<\/mark>,<\/li>\n\n\n\n<li><mark style=\"background-color:rgba(0, 0, 0, 0)\" class=\"has-inline-color has-black-color\"><strong>Public :<\/strong> Enfants (18h-19h) et Adultes (19h-21h)<\/mark>,<\/li>\n\n\n\n<li><mark style=\"background-color:rgba(0, 0, 0, 0)\" class=\"has-inline-color has-black-color\"><strong>Programme :<\/strong> Kibon (mouvements de base) et Hosinsoul (self-d\u00e9fense)<\/mark>.<\/li>\n<\/ul>\n\n\n\n<h4 class=\"wp-block-heading\"><mark style=\"background-color:rgba(0, 0, 0, 0)\" class=\"has-inline-color has-black-color\">\u00c9tape 2 : Assaut, Combat &amp; Casse<\/mark><\/h4>\n\n\n\n<ul class=\"wp-block-list\">\n<li><mark style=\"background-color:rgba(0, 0, 0, 0)\" class=\"has-inline-color has-black-color\"><strong>Date :<\/strong> Dimanche 21 juin \u00e0 13h30<\/mark>,<\/li>\n\n\n\n<li><mark style=\"background-color:rgba(0, 0, 0, 0)\" class=\"has-inline-color has-black-color\"><strong>Public :<\/strong> Enfants (18h-19h) et Adultes (19h-21h),<\/mark><\/li>\n\n\n\n<li><strong><mark style=\"background-color:rgba(0, 0, 0, 0)\" class=\"has-inline-color has-black-color\">Programme <\/mark>:<\/strong>\n<ul class=\"wp-block-list\">\n<li><mark style=\"background-color:rgba(0, 0, 0, 0)\" class=\"has-inline-color has-black-color\">Poomse (combats imaginaires) et Han Bon Kyorugui (assaut conventionnel sur un pas).<\/mark><\/li>\n\n\n\n<li><mark style=\"background-color:rgba(0, 0, 0, 0)\" class=\"has-inline-color has-black-color\">Combat (obligatoire \u00e0 partir de la ceinture bleue).<\/mark><\/li>\n\n\n\n<li><mark style=\"background-color:rgba(0, 0, 0, 0)\" class=\"has-inline-color has-black-color\">\u00c9preuve de casse pour tous (test de puissance et de pr\u00e9cision)..<\/mark><\/li>\n<\/ul>\n<\/li>\n\n\n\n<li><mark style=\"background-color:rgba(0, 0, 0, 0)\" class=\"has-inline-color has-black-color\"><strong>\u00c9v\u00e9nement sp\u00e9cial :<\/strong> D\u00e9monstration des entra\u00eeneurs en debut de session.<\/mark><\/li>\n<\/ul>\n\n\n\n<h2 class=\"wp-block-heading\"><strong><mark style=\"background-color:rgba(0, 0, 0, 0)\" class=\"has-inline-color has-luminous-vivid-orange-color\">\u00c9v\u00e9nement de fin de saison:<\/mark><\/strong><\/h2>\n\n\n\n<ul class=\"wp-block-list\">\n<li><mark style=\"background-color:rgba(0, 0, 0, 0)\" class=\"has-inline-color has-black-color\"><strong>Sortie:<\/strong>  Taekwondo Camp<\/mark><\/li>\n\n\n\n<li><mark style=\"background-color:rgba(0, 0, 0, 0)\" class=\"has-inline-color has-black-color\"><strong>Date :<\/strong> Samedi 27 juin<\/mark>,<\/li>\n\n\n\n<li><mark style=\"background-color:rgba(0, 0, 0, 0)\" class=\"has-inline-color has-black-color\"><strong>Public :<\/strong>  Adultes<\/mark>,<\/li>\n\n\n\n<li><mark style=\"background-color:rgba(0, 0, 0, 0)\" class=\"has-inline-color has-black-color\"><strong>Programme :<\/strong> Le r\u00e9confort apr\u00e8s l&#8217;effort !<\/mark><\/li>\n<\/ul>\n\n\n\n<h2 class=\"wp-block-heading\"><strong><mark style=\"background-color:rgba(0, 0, 0, 0)\" class=\"has-inline-color has-luminous-vivid-orange-color\">Examens Nationaux de Fin de Saison &#8211; Taekwondo, Arbitrage<\/mark><\/strong> <strong><mark style=\"background-color:rgba(0, 0, 0, 0)\" class=\"has-inline-color has-luminous-vivid-orange-color\">2026 &#8211; FFTDA<\/mark><\/strong><\/h2>\n\n\n\n<p><mark style=\"background-color:rgba(0, 0, 0, 0)\" class=\"has-inline-color has-black-color\"><strong>Le dimanche 14 juin 2026 &#8211; CREPS de Bordeaux &#8211; Examen du 1er au 4\u00e8me Dan de Taekwondo<\/strong>,&nbsp;inscriptions sur le site de la FFTDA : <a href=\"https:\/\/www.fftda.fr\/fr\/465\/form\/117?fbclid=IwZXh0bgNhZW0CMTAAYnJpZBEwUkxFQUhHbXZqdmFrSmRjYXNydGMGYXBwX2lkEDIyMjAzOTE3ODgyMDA4OTIAAR4LiDyKs1e-_Loddd1dZ7QicyVHZKftXLg2iThUf6H29klSbD7QeL3d3sBU5Q_aem_CfFnH3tFL5ykCScgllQr8g\" target=\"_blank\" rel=\"noreferrer noopener\">https:\/\/www.fftda.fr\/fr\/465\/form\/117<\/a><br>Les horaires vous seront pr\u00e9cis\u00e9s ult\u00e9rieurement et seront fix\u00e9s en fonction du nombre de candidats<\/mark>.<\/p>\n\n\n\n<p><mark style=\"background-color:rgba(0, 0, 0, 0)\" class=\"has-inline-color has-black-color\"><strong>Le samedi 13 juin 2026 \u00e0 14h00 &#8211; CREPS de Bordeaux &#8211; Examen d&#8217;arbitrage<\/strong> (Arbitre de Ligue \/ Jeune Arbitre de Ligue \/ Jeune Arbitre National \/ Arbitre National 3), inscriptions via formulaire : <a href=\"https:\/\/forms.gle\/YF2B2GH5We2ui1Fr9?fbclid=IwZXh0bgNhZW0CMTAAYnJpZBEwUkxFQUhHbXZqdmFrSmRjYXNydGMGYXBwX2lkEDIyMjAzOTE3ODgyMDA4OTIAAR75Yt3WB5IRqCqmKdvajFb53MdkrpqMF-I4jTKi7FhMzeW7PHWlhi25nEvbLQ_aem_QYGKXfPbe_vQ-LdAETmhdw\" target=\"_blank\" rel=\"noreferrer noopener\">https:\/\/forms.gle\/YF2B2GH5We2ui1Fr9<\/a><\/mark><\/p>\n\n\n\n<p><mark style=\"background-color:rgba(0, 0, 0, 0)\" class=\"has-inline-color has-black-color\">L&#8217;examen sera pr\u00e9c\u00e9d\u00e9 d&#8217;un stage d&#8217;arbitrage de 10h00 \u00e0 12h00. Avant inscription, merci de bien vouloir vous assurer de cocher l&#8217;ensemble des pr\u00e9requis : <a href=\"https:\/\/www.fftda.fr\/fr\/505-devenir-arbitres-juges.html?fbclid=IwZXh0bgNhZW0CMTAAYnJpZBEwUkxFQUhHbXZqdmFrSmRjYXNydGMGYXBwX2lkEDIyMjAzOTE3ODgyMDA4OTIAAR6kSu8v1a5QyS0t4WJjtrrUs2P71EJ6YzW2Owm14ibBi2oesps6IRT_NhOI9Q_aem_AInd9gN5OVLF6ozvaSyKlw\" target=\"_blank\" rel=\"noreferrer noopener\">https:\/\/www.fftda.fr\/fr\/505-devenir-arbitres-juges.html<\/a><\/mark><\/p>\n","protected":false},"excerpt":{"rendered":"<p>Calendrier des Passages de Grades ASM Taekwondo Pau L&#8217;\u00e9valuation se d\u00e9roulera en deux \u00e9tapes majeures: \u00c9tape 1 : Technique de base &amp; Self-d\u00e9fense \u00c9tape 2 : Assaut, Combat &amp; Casse \u00c9v\u00e9nement de fin de saison: Examens Nationaux de Fin de Saison &#8211; Taekwondo, Arbitrage 2026 &#8211; FFTDA Le dimanche 14 juin 2026 &#8211; CREPS de &hellip; <\/p>\n<div class=\"link-more\"><a href=\"https:\/\/nenedemo.ovh\/TAEKWORPRESS\/?page_id=2321\" class=\"more-link\">Read More<span class=\"screen-reader-text\"> &#8220;Infos&#8221;<\/span><\/a><\/div>\n","protected":false},"author":3,"featured_media":0,"parent":0,"menu_order":0,"comment_status":"closed","ping_status":"closed","template":"","meta":{"footnotes":""},"class_list":["post-2321","page","type-page","status-publish","hentry"],"yoast_head":"<!-- This site is optimized with the Yoast SEO plugin v22.8 - https:\/\/yoast.com\/wordpress\/plugins\/seo\/ -->\n<title>Infos - ASM TAEKWONDO PAU<\/title>\n<meta name=\"robots\" content=\"index, follow, max-snippet:-1, max-image-preview:large, max-video-preview:-1\" \/>\n<link rel=\"canonical\" href=\"https:\/\/nenedemo.ovh\/TAEKWORPRESS\/?page_id=2321\" \/>\n<meta property=\"og:locale\" content=\"fr_FR\" \/>\n<meta property=\"og:type\" content=\"article\" \/>\n<meta property=\"og:title\" content=\"Infos - ASM TAEKWONDO PAU\" \/>\n<meta property=\"og:description\" content=\"Calendrier des Passages de Grades ASM Taekwondo Pau L&#8217;\u00e9valuation se d\u00e9roulera en deux \u00e9tapes majeures: \u00c9tape 1 : Technique de base &amp; Self-d\u00e9fense \u00c9tape 2 : Assaut, Combat &amp; Casse \u00c9v\u00e9nement de fin de saison: Examens Nationaux de Fin de Saison &#8211; Taekwondo, Arbitrage 2026 &#8211; FFTDA Le dimanche 14 juin 2026 &#8211; CREPS de &hellip; Read More &quot;Infos&quot;\" \/>\n<meta property=\"og:url\" content=\"https:\/\/nenedemo.ovh\/TAEKWORPRESS\/?page_id=2321\" \/>\n<meta property=\"og:site_name\" content=\"ASM TAEKWONDO PAU\" \/>\n<meta property=\"article:publisher\" content=\"https:\/\/www.facebook.com\/groups\/210021564364\/\" \/>\n<meta property=\"article:modified_time\" content=\"2026-02-23T20:41:17+00:00\" \/>\n<meta name=\"twitter:card\" content=\"summary_large_image\" \/>\n<meta name=\"twitter:label1\" content=\"Dur\u00e9e de lecture estim\u00e9e\" \/>\n\t<meta name=\"twitter:data1\" content=\"2 minutes\" \/>\n<script type=\"application\/ld+json\" class=\"yoast-schema-graph\">{\"@context\":\"https:\/\/schema.org\",\"@graph\":[{\"@type\":\"WebPage\",\"@id\":\"https:\/\/nenedemo.ovh\/TAEKWORPRESS\/?page_id=2321\",\"url\":\"https:\/\/nenedemo.ovh\/TAEKWORPRESS\/?page_id=2321\",\"name\":\"Infos - ASM TAEKWONDO PAU\",\"isPartOf\":{\"@id\":\"https:\/\/nenedemo.ovh\/TAEKWORPRESS\/#website\"},\"datePublished\":\"2026-02-15T18:21:54+00:00\",\"dateModified\":\"2026-02-23T20:41:17+00:00\",\"breadcrumb\":{\"@id\":\"https:\/\/nenedemo.ovh\/TAEKWORPRESS\/?page_id=2321#breadcrumb\"},\"inLanguage\":\"fr-FR\",\"potentialAction\":[{\"@type\":\"ReadAction\",\"target\":[\"https:\/\/nenedemo.ovh\/TAEKWORPRESS\/?page_id=2321\"]}]},{\"@type\":\"BreadcrumbList\",\"@id\":\"https:\/\/nenedemo.ovh\/TAEKWORPRESS\/?page_id=2321#breadcrumb\",\"itemListElement\":[{\"@type\":\"ListItem\",\"position\":1,\"name\":\"Accueil\",\"item\":\"https:\/\/nenedemo.ovh\/TAEKWORPRESS\/\"},{\"@type\":\"ListItem\",\"position\":2,\"name\":\"Infos\"}]},{\"@type\":\"WebSite\",\"@id\":\"https:\/\/nenedemo.ovh\/TAEKWORPRESS\/#website\",\"url\":\"https:\/\/nenedemo.ovh\/TAEKWORPRESS\/\",\"name\":\"A.S.M. TAEKWONDO PAU\",\"description\":\"Association Sportive Municipale de Pau\",\"publisher\":{\"@id\":\"https:\/\/nenedemo.ovh\/TAEKWORPRESS\/#organization\"},\"potentialAction\":[{\"@type\":\"SearchAction\",\"target\":{\"@type\":\"EntryPoint\",\"urlTemplate\":\"https:\/\/nenedemo.ovh\/TAEKWORPRESS\/?s={search_term_string}\"},\"query-input\":\"required name=search_term_string\"}],\"inLanguage\":\"fr-FR\"},{\"@type\":\"Organization\",\"@id\":\"https:\/\/nenedemo.ovh\/TAEKWORPRESS\/#organization\",\"name\":\"Association Sportive Municipale de Pau\",\"url\":\"https:\/\/nenedemo.ovh\/TAEKWORPRESS\/\",\"logo\":{\"@type\":\"ImageObject\",\"inLanguage\":\"fr-FR\",\"@id\":\"https:\/\/nenedemo.ovh\/TAEKWORPRESS\/#\/schema\/logo\/image\/\",\"url\":\"https:\/\/nenedemo.ovh\/TAEKWORPRESS\/wp-content\/uploads\/2023\/08\/cropped-LOGO_FINAL_ASM-1.png\",\"contentUrl\":\"https:\/\/nenedemo.ovh\/TAEKWORPRESS\/wp-content\/uploads\/2023\/08\/cropped-LOGO_FINAL_ASM-1.png\",\"width\":250,\"height\":250,\"caption\":\"Association Sportive Municipale de Pau\"},\"image\":{\"@id\":\"https:\/\/nenedemo.ovh\/TAEKWORPRESS\/#\/schema\/logo\/image\/\"},\"sameAs\":[\"https:\/\/www.facebook.com\/groups\/210021564364\/\"]}]}<\/script>\n<!-- \/ Yoast SEO plugin. -->","yoast_head_json":{"title":"Infos - ASM TAEKWONDO PAU","robots":{"index":"index","follow":"follow","max-snippet":"max-snippet:-1","max-image-preview":"max-image-preview:large","max-video-preview":"max-video-preview:-1"},"canonical":"https:\/\/nenedemo.ovh\/TAEKWORPRESS\/?page_id=2321","og_locale":"fr_FR","og_type":"article","og_title":"Infos - ASM TAEKWONDO PAU","og_description":"Calendrier des Passages de Grades ASM Taekwondo Pau L&#8217;\u00e9valuation se d\u00e9roulera en deux \u00e9tapes majeures: \u00c9tape 1 : Technique de base &amp; Self-d\u00e9fense \u00c9tape 2 : Assaut, Combat &amp; Casse \u00c9v\u00e9nement de fin de saison: Examens Nationaux de Fin de Saison &#8211; Taekwondo, Arbitrage 2026 &#8211; FFTDA Le dimanche 14 juin 2026 &#8211; CREPS de &hellip; Read More \"Infos\"","og_url":"https:\/\/nenedemo.ovh\/TAEKWORPRESS\/?page_id=2321","og_site_name":"ASM TAEKWONDO PAU","article_publisher":"https:\/\/www.facebook.com\/groups\/210021564364\/","article_modified_time":"2026-02-23T20:41:17+00:00","twitter_card":"summary_large_image","twitter_misc":{"Dur\u00e9e de lecture estim\u00e9e":"2 minutes"},"schema":{"@context":"https:\/\/schema.org","@graph":[{"@type":"WebPage","@id":"https:\/\/nenedemo.ovh\/TAEKWORPRESS\/?page_id=2321","url":"https:\/\/nenedemo.ovh\/TAEKWORPRESS\/?page_id=2321","name":"Infos - ASM TAEKWONDO PAU","isPartOf":{"@id":"https:\/\/nenedemo.ovh\/TAEKWORPRESS\/#website"},"datePublished":"2026-02-15T18:21:54+00:00","dateModified":"2026-02-23T20:41:17+00:00","breadcrumb":{"@id":"https:\/\/nenedemo.ovh\/TAEKWORPRESS\/?page_id=2321#breadcrumb"},"inLanguage":"fr-FR","potentialAction":[{"@type":"ReadAction","target":["https:\/\/nenedemo.ovh\/TAEKWORPRESS\/?page_id=2321"]}]},{"@type":"BreadcrumbList","@id":"https:\/\/nenedemo.ovh\/TAEKWORPRESS\/?page_id=2321#breadcrumb","itemListElement":[{"@type":"ListItem","position":1,"name":"Accueil","item":"https:\/\/nenedemo.ovh\/TAEKWORPRESS\/"},{"@type":"ListItem","position":2,"name":"Infos"}]},{"@type":"WebSite","@id":"https:\/\/nenedemo.ovh\/TAEKWORPRESS\/#website","url":"https:\/\/nenedemo.ovh\/TAEKWORPRESS\/","name":"A.S.M. TAEKWONDO PAU","description":"Association Sportive Municipale de Pau","publisher":{"@id":"https:\/\/nenedemo.ovh\/TAEKWORPRESS\/#organization"},"potentialAction":[{"@type":"SearchAction","target":{"@type":"EntryPoint","urlTemplate":"https:\/\/nenedemo.ovh\/TAEKWORPRESS\/?s={search_term_string}"},"query-input":"required name=search_term_string"}],"inLanguage":"fr-FR"},{"@type":"Organization","@id":"https:\/\/nenedemo.ovh\/TAEKWORPRESS\/#organization","name":"Association Sportive Municipale de Pau","url":"https:\/\/nenedemo.ovh\/TAEKWORPRESS\/","logo":{"@type":"ImageObject","inLanguage":"fr-FR","@id":"https:\/\/nenedemo.ovh\/TAEKWORPRESS\/#\/schema\/logo\/image\/","url":"https:\/\/nenedemo.ovh\/TAEKWORPRESS\/wp-content\/uploads\/2023\/08\/cropped-LOGO_FINAL_ASM-1.png","contentUrl":"https:\/\/nenedemo.ovh\/TAEKWORPRESS\/wp-content\/uploads\/2023\/08\/cropped-LOGO_FINAL_ASM-1.png","width":250,"height":250,"caption":"Association Sportive Municipale de Pau"},"image":{"@id":"https:\/\/nenedemo.ovh\/TAEKWORPRESS\/#\/schema\/logo\/image\/"},"sameAs":["https:\/\/www.facebook.com\/groups\/210021564364\/"]}]}},"_links":{"self":[{"href":"https:\/\/nenedemo.ovh\/TAEKWORPRESS\/index.php?rest_route=\/wp\/v2\/pages\/2321","targetHints":{"allow":["GET"]}}],"collection":[{"href":"https:\/\/nenedemo.ovh\/TAEKWORPRESS\/index.php?rest_route=\/wp\/v2\/pages"}],"about":[{"href":"https:\/\/nenedemo.ovh\/TAEKWORPRESS\/index.php?rest_route=\/wp\/v2\/types\/page"}],"author":[{"embeddable":true,"href":"https:\/\/nenedemo.ovh\/TAEKWORPRESS\/index.php?rest_route=\/wp\/v2\/users\/3"}],"replies":[{"embeddable":true,"href":"https:\/\/nenedemo.ovh\/TAEKWORPRESS\/index.php?rest_route=%2Fwp%2Fv2%2Fcomments&post=2321"}],"version-history":[{"count":9,"href":"https:\/\/nenedemo.ovh\/TAEKWORPRESS\/index.php?rest_route=\/wp\/v2\/pages\/2321\/revisions"}],"predecessor-version":[{"id":2333,"href":"https:\/\/nenedemo.ovh\/TAEKWORPRESS\/index.php?rest_route=\/wp\/v2\/pages\/2321\/revisions\/2333"}],"wp:attachment":[{"href":"https:\/\/nenedemo.ovh\/TAEKWORPRESS\/index.php?rest_route=%2Fwp%2Fv2%2Fmedia&parent=2321"}],"curies":[{"name":"wp","href":"https:\/\/api.w.org\/{rel}","templated":true}]}}