{"id":1207,"date":"2023-08-13T11:12:29","date_gmt":"2023-08-13T09:12:29","guid":{"rendered":"https:\/\/nenedemo.ovh\/TAEKWORPRESS\/?page_id=1207"},"modified":"2026-01-03T14:59:34","modified_gmt":"2026-01-03T13:59:34","slug":"accueil","status":"publish","type":"page","link":"https:\/\/nenedemo.ovh\/TAEKWORPRESS\/","title":{"rendered":"Accueil"},"content":{"rendered":"\n<p class=\"has-text-align-center\"><strong class=\"blink\"><mark style=\"background-color:#fcb900\" class=\"has-inline-color has-vivid-cyan-blue-color\">\ud83d\udce2 <strong>Que cette nouvelle ann\u00e9e soit synonyme de progr\u00e8s, de d\u00e9passement de soi, de partage et de belles \u00e9motions sur le dojang comme en dehors<\/strong> !!! \ud83d\udce3  <strong><a href=\"https:\/\/nenedemo.ovh\/TAEKWORPRESS\/?page_id=123\">Rejoignez-nous<\/a> dans l\u2019esprit du Taekwondo : respect, discipline et passion<\/strong> ! \ud83e\udd4b <\/mark><\/strong><\/p>\n\n\n<div class=\"widget widget_search\">\r\n\r\n<form method=\"get\" class=\"search-form\" action=\"https:\/\/nenedemo.ovh\/TAEKWORPRESS\/\">\r\n\t<input type=\"search\" class=\"search-field\" placeholder=\"Search\" value=\"\" name=\"s\" \/>\r\n\t<button type=\"submit\" class=\"search-submit\">Search<\/button>\r\n<\/form><\/div>\n\n\n<figure class=\"wp-block-image size-full\"><img loading=\"lazy\" decoding=\"async\" width=\"1597\" height=\"750\" src=\"https:\/\/nenedemo.ovh\/TAEKWORPRESS\/wp-content\/uploads\/2025\/08\/Ban_accueil25-1.png\" alt=\"\" class=\"wp-image-2279\" srcset=\"https:\/\/nenedemo.ovh\/TAEKWORPRESS\/wp-content\/uploads\/2025\/08\/Ban_accueil25-1.png 1597w, https:\/\/nenedemo.ovh\/TAEKWORPRESS\/wp-content\/uploads\/2025\/08\/Ban_accueil25-1-300x141.png 300w, https:\/\/nenedemo.ovh\/TAEKWORPRESS\/wp-content\/uploads\/2025\/08\/Ban_accueil25-1-768x361.png 768w, https:\/\/nenedemo.ovh\/TAEKWORPRESS\/wp-content\/uploads\/2025\/08\/Ban_accueil25-1-1536x721.png 1536w\" sizes=\"auto, (max-width: 1597px) 100vw, 1597px\" \/><\/figure>\n\n\n\n<p><mark style=\"background-color:rgba(0, 0, 0, 0)\" class=\"has-inline-color has-black-color\"><strong>Le club de sport ASM Taekwondo de Pau<\/strong> propose divers cours adapt\u00e9s \u00e0 tous les \u00e2ges et niveaux:<\/mark><\/p>\n\n\n\n<ul class=\"wp-block-list\">\n<li><mark style=\"background-color:rgba(0, 0, 0, 0)\" class=\"has-inline-color has-black-color\"><strong>Taekwondo<\/strong>: Art martial cor\u00e9en et sport olympique ax\u00e9 sur des coups de pied et des coups de poing puissants, d\u00e9veloppant discipline, forme physique et confiance en soi.<\/mark><\/li>\n<\/ul>\n\n\n\n<p class=\"has-medium-font-size\"><mark style=\"background-color:rgba(0, 0, 0, 0)\" class=\"has-inline-color has-black-color\"><img loading=\"lazy\" decoding=\"async\" width=\"16\" height=\"16\" src=\"https:\/\/static.xx.fbcdn.net\/images\/emoji.php\/v9\/tbe\/1\/16\/1f94a.png\" alt=\"\ud83e\udd4a\"><\/mark><img loading=\"lazy\" decoding=\"async\" width=\"16\" height=\"16\" src=\"https:\/\/static.xx.fbcdn.net\/images\/emoji.php\/v9\/t3f\/1\/16\/1f94b.png\" alt=\"\ud83e\udd4b\"><mark style=\"background-color:rgba(0, 0, 0, 0)\" class=\"has-inline-color has-black-color\"> <strong>Cr\u00e9neaux horaires actuels des cours <\/strong><\/mark>:<\/p>\n\n\n\n<p><mark style=\"background-color:rgba(0, 0, 0, 0)\" class=\"has-inline-color has-black-color\">Les cours sont r\u00e9partis sur 3 jours par semaine, \u00e0 diff\u00e9rents horaires pour chaque section, comme suit :<\/mark><\/p>\n\n\n\n<ul class=\"wp-block-list\">\n<li><strong>Essai gratuit sur 2 s\u00e9ances<\/strong>,<\/li>\n\n\n\n<li><strong><a href=\"https:\/\/nenedemo.ovh\/TAEKWORPRESS\/?page_id=1138\"><mark style=\"background-color:rgba(0, 0, 0, 0)\" class=\"has-inline-color has-vivid-cyan-blue-color\">Cours de Taekwondo enfants<\/mark><\/a><\/strong><mark style=\"background-color:rgba(0, 0, 0, 0)\" class=\"has-inline-color has-black-color\"> (8 &#8211; 14 ans) : Lundi et Mercredi de 18h \u00e0 19h,<\/mark><\/li>\n\n\n\n<li><a href=\"https:\/\/nenedemo.ovh\/TAEKWORPRESS\/?page_id=1138\"><strong><mark style=\"background-color:rgba(0, 0, 0, 0)\" class=\"has-inline-color has-vivid-cyan-blue-color\">Cours de Taekwondo adultes<\/mark><\/strong><\/a><mark style=\"background-color:rgba(0, 0, 0, 0)\" class=\"has-inline-color has-black-color\"> (+14 ans) : Lundi, Mercredi et Jeudi de 19h \u00e0 20h30<\/mark>.<\/li>\n<\/ul>\n\n\n\n<p class=\"has-medium-font-size\"><mark style=\"background-color:rgba(0, 0, 0, 0)\" class=\"has-inline-color has-black-color\"><img loading=\"lazy\" decoding=\"async\" src=\"https:\/\/static.xx.fbcdn.net\/images\/emoji.php\/v9\/tbe\/1\/16\/1f94a.png\" alt=\"\ud83e\udd4a\" width=\"16\" height=\"16\"><img loading=\"lazy\" decoding=\"async\" src=\"https:\/\/static.xx.fbcdn.net\/images\/emoji.php\/v9\/t3f\/1\/16\/1f94b.png\" alt=\"\ud83e\udd4b\" width=\"16\" height=\"16\"><\/mark><strong><mark style=\"background-color:rgba(0, 0, 0, 0)\" class=\"has-inline-color has-black-color\"> Membres du bureau et Instructeurs:<\/mark><\/strong><\/p>\n\n\n\n<figure class=\"wp-block-table is-style-stripes\"><table><tbody><tr><td class=\"has-text-align-center\" data-align=\"center\"><img decoding=\"async\" class=\"wp-image-1450\" style=\"width: 138px;\" src=\"https:\/\/nenedemo.ovh\/TAEKWORPRESS\/wp-content\/uploads\/2023\/12\/Capture_du_2023-12-23_18-33-19-removebg-preview.png\" alt=\"\"><\/td><td class=\"has-text-align-center\" data-align=\"center\"><mark style=\"background-color:rgba(0, 0, 0, 0)\" class=\"has-inline-color has-black-color\"><strong>Dominique LAHON<\/strong>,<br>Pr\u00e9sident ASM Taekwondo Pau, <\/mark><br><mark style=\"background-color:rgba(0, 0, 0, 0)\" class=\"has-inline-color has-black-color\">Entra\u00eeneur Enfants<\/mark>\/<mark style=\"background-color:rgba(0, 0, 0, 0)\" class=\"has-inline-color has-black-color\">Adultes<br>Tel: 06 21 11 03 44&nbsp;<br>Email: <a href=\"mailto:dl.tdk@hotmail.fr\">dl.tdk@hotmail.fr<\/a><\/mark><\/td><\/tr><tr><td class=\"has-text-align-center\" data-align=\"center\"><img decoding=\"async\" class=\"wp-image-1446\" style=\"width: 150px;\" src=\"https:\/\/nenedemo.ovh\/TAEKWORPRESS\/wp-content\/uploads\/2024\/01\/philipe-tae1-preview-1.png\" alt=\"\"><\/td><td class=\"has-text-align-center\" data-align=\"center\"><img decoding=\"async\" class=\"wp-image-1446\" style=\"width: 150px;\" src=\"https:\/\/nenedemo.ovh\/TAEKWORPRESS\/wp-content\/uploads\/2023\/12\/Capture_du_2023-12-23_18-36-57-removebg-preview.png\" alt=\"\"><\/td><\/tr><tr><td class=\"has-text-align-center\" data-align=\"center\"><mark style=\"background-color:rgba(0, 0, 0, 0)\" class=\"has-inline-color has-black-color\"><strong>Philippe PAILLOT<\/strong>, <br>Entra\u00eeneur Adultes, <br><mark style=\"background-color:rgba(0, 0, 0, 0)\" class=\"has-inline-color has-black-color\">Tel:<\/mark>06 28 65 31 41<\/mark><\/td><td class=\"has-text-align-center\" data-align=\"center\"><mark style=\"background-color:rgba(0, 0, 0, 0)\" class=\"has-inline-color has-black-color\"><strong>Sylvain GIACOMINI<\/strong>,<br>Tr\u00e9sorier\/Entra\u00eeneur Enfants<\/mark>\/<mark style=\"background-color:rgba(0, 0, 0, 0)\" class=\"has-inline-color has-black-color\">Adultes<\/mark><\/td><\/tr><tr><td class=\"has-text-align-center\" data-align=\"center\"><img decoding=\"async\" class=\"wp-image-1449\" style=\"width: 150px;\" src=\"https:\/\/nenedemo.ovh\/TAEKWORPRESS\/wp-content\/uploads\/2024\/01\/Mathieu-preview.png\" alt=\"\"><\/td><td class=\"has-text-align-center\" data-align=\"center\"><img decoding=\"async\" class=\"wp-image-1449\" style=\"width: 150px;\" src=\"https:\/\/nenedemo.ovh\/TAEKWORPRESS\/wp-content\/uploads\/2024\/01\/Hugues2-preview.png\" alt=\"\"><\/td><\/tr><tr><td class=\"has-text-align-center\" data-align=\"center\"><mark style=\"background-color:rgba(0, 0, 0, 0)\" class=\"has-inline-color has-black-color\"><strong>Mathieu PACCINI<\/strong>,<br>Entra\u00eeneur <mark style=\"background-color:rgba(0, 0, 0, 0)\" class=\"has-inline-color has-black-color\">Enfants<\/mark>\/Adultes<br><mark style=\"background-color:rgba(0, 0, 0, 0)\" class=\"has-inline-color has-black-color\">Tel:<\/mark>06 76 40 57 05<\/mark><\/td><td class=\"has-text-align-center\" data-align=\"center\"><mark style=\"background-color:rgba(0, 0, 0, 0)\" class=\"has-inline-color has-black-color\"><strong>Hugues M. KAMDJOU<\/strong>,<br>Entra\u00eeneur <mark style=\"background-color:rgba(0, 0, 0, 0)\" class=\"has-inline-color has-black-color\">Enfants<\/mark>\/Adultes<\/mark><\/td><\/tr><\/tbody><\/table><\/figure>\n\n\n\n<p class=\"has-medium-font-size\"><mark style=\"background-color:rgba(0, 0, 0, 0)\" class=\"has-inline-color has-black-color\"><img loading=\"lazy\" decoding=\"async\" width=\"16\" height=\"16\" src=\"https:\/\/static.xx.fbcdn.net\/images\/emoji.php\/v9\/tbe\/1\/16\/1f94a.png\" alt=\"\ud83e\udd4a\"><\/mark><img loading=\"lazy\" decoding=\"async\" width=\"16\" height=\"16\" src=\"https:\/\/static.xx.fbcdn.net\/images\/emoji.php\/v9\/t3f\/1\/16\/1f94b.png\" alt=\"\ud83e\udd4b\"> <strong><mark style=\"background-color:rgba(0, 0, 0, 0)\" class=\"has-inline-color has-black-color\">Localisation du club<\/mark><\/strong><mark style=\"background-color:rgba(0, 0, 0, 0)\" class=\"has-inline-color has-black-color\"><strong> &#8211; Gymnase Henri Lapuyade de Pau<\/strong><\/mark> :<\/p>\n\n\n\n<p><a href=\"https:\/\/maps.app.goo.gl\/xTk99tM9kitxoG7z9\">15 Av. des Sayettes, 64000 Pau<\/a><\/p>\n\n\n\n<figure class=\"wp-block-table is-style-stripes\"><table><tbody><tr><td> <img decoding=\"async\" src=\"https:\/\/nenedemo.ovh\/TAEKWORPRESS\/wp-content\/uploads\/2024\/07\/Gymnase2.png\" allowfullscreen=\"0\" loading=\"lazy\" width=\"533\" height=\"306\"><\/iframe> <\/td><td> <img decoding=\"async\" src=\"https:\/\/nenedemo.ovh\/TAEKWORPRESS\/wp-content\/uploads\/2024\/07\/gymnase1.png\" allowfullscreen=\"\" loading=\"lazy\" width=\"533\" height=\"306\"><\/iframe> <\/td><\/tr><\/tbody><\/table><\/figure>\n\n\n\n<p><mark style=\"background-color:rgba(0, 0, 0, 0)\" class=\"has-inline-color has-black-color\"><img loading=\"lazy\" decoding=\"async\" width=\"16\" height=\"16\" src=\"https:\/\/static.xx.fbcdn.net\/images\/emoji.php\/v9\/tbe\/1\/16\/1f94a.png\" alt=\"\ud83e\udd4a\"><\/mark><img loading=\"lazy\" decoding=\"async\" width=\"16\" height=\"16\" src=\"https:\/\/static.xx.fbcdn.net\/images\/emoji.php\/v9\/t3f\/1\/16\/1f94b.png\" alt=\"\ud83e\udd4b\"> <strong><mark style=\"background-color:rgba(0, 0, 0, 0)\" class=\"has-inline-color has-vivid-cyan-blue-color\"> <a href=\"https:\/\/nenedemo.ovh\/TAEKWORPRESS\/?page_id=123\">Contact et lien d&#8217;inscription ici <\/a>:<\/mark> <\/strong><mark style=\"background-color:rgba(0, 0, 0, 0)\" class=\"has-inline-color has-black-color\">Pour plus d\u2019informations sur ce sport de combat, sport olympique et art martial, n\u2019h\u00e9sitez pas \u00e0 contacter Mr Philippe PAILLOT au 06 28 65 31 41.<\/mark><\/p>\n\n\n\n<p><mark style=\"background-color:rgba(0, 0, 0, 0)\" class=\"has-inline-color has-black-color\"><img loading=\"lazy\" decoding=\"async\" src=\"https:\/\/static.xx.fbcdn.net\/images\/emoji.php\/v9\/tbe\/1\/16\/1f94a.png\" alt=\"\ud83e\udd4a\" width=\"16\" height=\"16\"><\/mark><img loading=\"lazy\" decoding=\"async\" src=\"https:\/\/static.xx.fbcdn.net\/images\/emoji.php\/v9\/t3f\/1\/16\/1f94b.png\" alt=\"\ud83e\udd4b\" width=\"16\" height=\"16\"> <strong><mark style=\"background-color:rgba(0, 0, 0, 0)\" class=\"has-inline-color has-black-color\">R\u00e9seaux Sociaux<\/mark><\/strong>:<\/p>\n\n\n\n<ul class=\"wp-block-social-links is-layout-flex wp-block-social-links-is-layout-flex\"><\/ul>\n\n\n\n<ul class=\"wp-block-social-links has-large-icon-size is-layout-flex wp-block-social-links-is-layout-flex\"><li class=\"wp-social-link wp-social-link-facebook  wp-block-social-link\"><a href=\"https:\/\/www.facebook.com\/groups\/210021564364\/\" class=\"wp-block-social-link-anchor\"><svg width=\"24\" height=\"24\" viewBox=\"0 0 24 24\" version=\"1.1\" xmlns=\"http:\/\/www.w3.org\/2000\/svg\" aria-hidden=\"true\" focusable=\"false\"><path d=\"M12 2C6.5 2 2 6.5 2 12c0 5 3.7 9.1 8.4 9.9v-7H7.9V12h2.5V9.8c0-2.5 1.5-3.9 3.8-3.9 1.1 0 2.2.2 2.2.2v2.5h-1.3c-1.2 0-1.6.8-1.6 1.6V12h2.8l-.4 2.9h-2.3v7C18.3 21.1 22 17 22 12c0-5.5-4.5-10-10-10z\"><\/path><\/svg><span class=\"wp-block-social-link-label screen-reader-text\">Facebook<\/span><\/a><\/li><\/ul>\n","protected":false},"excerpt":{"rendered":"<p>\ud83d\udce2 Que cette nouvelle ann\u00e9e soit synonyme de progr\u00e8s, de d\u00e9passement de soi, de partage et de belles \u00e9motions sur le dojang comme en dehors !!! \ud83d\udce3 Rejoignez-nous dans l\u2019esprit du Taekwondo : respect, discipline et passion ! \ud83e\udd4b Le club de sport ASM Taekwondo de Pau propose divers cours adapt\u00e9s \u00e0 tous les \u00e2ges &hellip; <\/p>\n<div class=\"link-more\"><a href=\"https:\/\/nenedemo.ovh\/TAEKWORPRESS\/\" class=\"more-link\">Read More<span class=\"screen-reader-text\"> &#8220;Accueil&#8221;<\/span><\/a><\/div>\n","protected":false},"author":3,"featured_media":0,"parent":0,"menu_order":0,"comment_status":"closed","ping_status":"closed","template":"","meta":{"footnotes":""},"class_list":["post-1207","page","type-page","status-publish","hentry"],"yoast_head":"<!-- This site is optimized with the Yoast SEO plugin v22.8 - https:\/\/yoast.com\/wordpress\/plugins\/seo\/ -->\n<title>Accueil - ASM TAEKWONDO PAU<\/title>\n<meta name=\"robots\" content=\"index, follow, max-snippet:-1, max-image-preview:large, max-video-preview:-1\" \/>\n<link rel=\"canonical\" href=\"https:\/\/nenedemo.ovh\/TAEKWORPRESS\/\" \/>\n<meta property=\"og:locale\" content=\"fr_FR\" \/>\n<meta property=\"og:type\" content=\"article\" \/>\n<meta property=\"og:title\" content=\"Accueil - ASM TAEKWONDO PAU\" \/>\n<meta property=\"og:description\" content=\"\ud83d\udce2 Que cette nouvelle ann\u00e9e soit synonyme de progr\u00e8s, de d\u00e9passement de soi, de partage et de belles \u00e9motions sur le dojang comme en dehors !!! \ud83d\udce3 Rejoignez-nous dans l\u2019esprit du Taekwondo : respect, discipline et passion ! \ud83e\udd4b Le club de sport ASM Taekwondo de Pau propose divers cours adapt\u00e9s \u00e0 tous les \u00e2ges &hellip; Read More &quot;Accueil&quot;\" \/>\n<meta property=\"og:url\" content=\"https:\/\/nenedemo.ovh\/TAEKWORPRESS\/\" \/>\n<meta property=\"og:site_name\" content=\"ASM TAEKWONDO PAU\" \/>\n<meta property=\"article:publisher\" content=\"https:\/\/www.facebook.com\/groups\/210021564364\/\" \/>\n<meta property=\"article:modified_time\" content=\"2026-01-03T13:59:34+00:00\" \/>\n<meta property=\"og:image\" content=\"https:\/\/nenedemo.ovh\/TAEKWORPRESS\/wp-content\/uploads\/2025\/08\/Ban_accueil25-1.png\" \/>\n<meta name=\"twitter:card\" content=\"summary_large_image\" \/>\n<meta name=\"twitter:label1\" content=\"Dur\u00e9e de lecture estim\u00e9e\" \/>\n\t<meta name=\"twitter:data1\" content=\"5 minutes\" \/>\n<script type=\"application\/ld+json\" class=\"yoast-schema-graph\">{\"@context\":\"https:\/\/schema.org\",\"@graph\":[{\"@type\":\"WebPage\",\"@id\":\"https:\/\/nenedemo.ovh\/TAEKWORPRESS\/\",\"url\":\"https:\/\/nenedemo.ovh\/TAEKWORPRESS\/\",\"name\":\"Accueil - ASM TAEKWONDO PAU\",\"isPartOf\":{\"@id\":\"https:\/\/nenedemo.ovh\/TAEKWORPRESS\/#website\"},\"primaryImageOfPage\":{\"@id\":\"https:\/\/nenedemo.ovh\/TAEKWORPRESS\/#primaryimage\"},\"image\":{\"@id\":\"https:\/\/nenedemo.ovh\/TAEKWORPRESS\/#primaryimage\"},\"thumbnailUrl\":\"https:\/\/nenedemo.ovh\/TAEKWORPRESS\/wp-content\/uploads\/2025\/08\/Ban_accueil25-1.png\",\"datePublished\":\"2023-08-13T09:12:29+00:00\",\"dateModified\":\"2026-01-03T13:59:34+00:00\",\"breadcrumb\":{\"@id\":\"https:\/\/nenedemo.ovh\/TAEKWORPRESS\/#breadcrumb\"},\"inLanguage\":\"fr-FR\",\"potentialAction\":[{\"@type\":\"ReadAction\",\"target\":[\"https:\/\/nenedemo.ovh\/TAEKWORPRESS\/\"]}]},{\"@type\":\"ImageObject\",\"inLanguage\":\"fr-FR\",\"@id\":\"https:\/\/nenedemo.ovh\/TAEKWORPRESS\/#primaryimage\",\"url\":\"https:\/\/nenedemo.ovh\/TAEKWORPRESS\/wp-content\/uploads\/2025\/08\/Ban_accueil25-1.png\",\"contentUrl\":\"https:\/\/nenedemo.ovh\/TAEKWORPRESS\/wp-content\/uploads\/2025\/08\/Ban_accueil25-1.png\",\"width\":1597,\"height\":750},{\"@type\":\"BreadcrumbList\",\"@id\":\"https:\/\/nenedemo.ovh\/TAEKWORPRESS\/#breadcrumb\",\"itemListElement\":[{\"@type\":\"ListItem\",\"position\":1,\"name\":\"Accueil\",\"item\":\"https:\/\/nenedemo.ovh\/TAEKWORPRESS\/\"},{\"@type\":\"ListItem\",\"position\":2,\"name\":\"Accueil\"}]},{\"@type\":\"WebSite\",\"@id\":\"https:\/\/nenedemo.ovh\/TAEKWORPRESS\/#website\",\"url\":\"https:\/\/nenedemo.ovh\/TAEKWORPRESS\/\",\"name\":\"A.S.M. TAEKWONDO PAU\",\"description\":\"Association Sportive Municipale de Pau\",\"publisher\":{\"@id\":\"https:\/\/nenedemo.ovh\/TAEKWORPRESS\/#organization\"},\"potentialAction\":[{\"@type\":\"SearchAction\",\"target\":{\"@type\":\"EntryPoint\",\"urlTemplate\":\"https:\/\/nenedemo.ovh\/TAEKWORPRESS\/?s={search_term_string}\"},\"query-input\":\"required name=search_term_string\"}],\"inLanguage\":\"fr-FR\"},{\"@type\":\"Organization\",\"@id\":\"https:\/\/nenedemo.ovh\/TAEKWORPRESS\/#organization\",\"name\":\"Association Sportive Municipale de Pau\",\"url\":\"https:\/\/nenedemo.ovh\/TAEKWORPRESS\/\",\"logo\":{\"@type\":\"ImageObject\",\"inLanguage\":\"fr-FR\",\"@id\":\"https:\/\/nenedemo.ovh\/TAEKWORPRESS\/#\/schema\/logo\/image\/\",\"url\":\"https:\/\/nenedemo.ovh\/TAEKWORPRESS\/wp-content\/uploads\/2023\/08\/cropped-LOGO_FINAL_ASM-1.png\",\"contentUrl\":\"https:\/\/nenedemo.ovh\/TAEKWORPRESS\/wp-content\/uploads\/2023\/08\/cropped-LOGO_FINAL_ASM-1.png\",\"width\":250,\"height\":250,\"caption\":\"Association Sportive Municipale de Pau\"},\"image\":{\"@id\":\"https:\/\/nenedemo.ovh\/TAEKWORPRESS\/#\/schema\/logo\/image\/\"},\"sameAs\":[\"https:\/\/www.facebook.com\/groups\/210021564364\/\"]}]}<\/script>\n<!-- \/ Yoast SEO plugin. -->","yoast_head_json":{"title":"Accueil - ASM TAEKWONDO PAU","robots":{"index":"index","follow":"follow","max-snippet":"max-snippet:-1","max-image-preview":"max-image-preview:large","max-video-preview":"max-video-preview:-1"},"canonical":"https:\/\/nenedemo.ovh\/TAEKWORPRESS\/","og_locale":"fr_FR","og_type":"article","og_title":"Accueil - ASM TAEKWONDO PAU","og_description":"\ud83d\udce2 Que cette nouvelle ann\u00e9e soit synonyme de progr\u00e8s, de d\u00e9passement de soi, de partage et de belles \u00e9motions sur le dojang comme en dehors !!! \ud83d\udce3 Rejoignez-nous dans l\u2019esprit du Taekwondo : respect, discipline et passion ! \ud83e\udd4b Le club de sport ASM Taekwondo de Pau propose divers cours adapt\u00e9s \u00e0 tous les \u00e2ges &hellip; Read More \"Accueil\"","og_url":"https:\/\/nenedemo.ovh\/TAEKWORPRESS\/","og_site_name":"ASM TAEKWONDO PAU","article_publisher":"https:\/\/www.facebook.com\/groups\/210021564364\/","article_modified_time":"2026-01-03T13:59:34+00:00","og_image":[{"url":"https:\/\/nenedemo.ovh\/TAEKWORPRESS\/wp-content\/uploads\/2025\/08\/Ban_accueil25-1.png"}],"twitter_card":"summary_large_image","twitter_misc":{"Dur\u00e9e de lecture estim\u00e9e":"5 minutes"},"schema":{"@context":"https:\/\/schema.org","@graph":[{"@type":"WebPage","@id":"https:\/\/nenedemo.ovh\/TAEKWORPRESS\/","url":"https:\/\/nenedemo.ovh\/TAEKWORPRESS\/","name":"Accueil - ASM TAEKWONDO PAU","isPartOf":{"@id":"https:\/\/nenedemo.ovh\/TAEKWORPRESS\/#website"},"primaryImageOfPage":{"@id":"https:\/\/nenedemo.ovh\/TAEKWORPRESS\/#primaryimage"},"image":{"@id":"https:\/\/nenedemo.ovh\/TAEKWORPRESS\/#primaryimage"},"thumbnailUrl":"https:\/\/nenedemo.ovh\/TAEKWORPRESS\/wp-content\/uploads\/2025\/08\/Ban_accueil25-1.png","datePublished":"2023-08-13T09:12:29+00:00","dateModified":"2026-01-03T13:59:34+00:00","breadcrumb":{"@id":"https:\/\/nenedemo.ovh\/TAEKWORPRESS\/#breadcrumb"},"inLanguage":"fr-FR","potentialAction":[{"@type":"ReadAction","target":["https:\/\/nenedemo.ovh\/TAEKWORPRESS\/"]}]},{"@type":"ImageObject","inLanguage":"fr-FR","@id":"https:\/\/nenedemo.ovh\/TAEKWORPRESS\/#primaryimage","url":"https:\/\/nenedemo.ovh\/TAEKWORPRESS\/wp-content\/uploads\/2025\/08\/Ban_accueil25-1.png","contentUrl":"https:\/\/nenedemo.ovh\/TAEKWORPRESS\/wp-content\/uploads\/2025\/08\/Ban_accueil25-1.png","width":1597,"height":750},{"@type":"BreadcrumbList","@id":"https:\/\/nenedemo.ovh\/TAEKWORPRESS\/#breadcrumb","itemListElement":[{"@type":"ListItem","position":1,"name":"Accueil","item":"https:\/\/nenedemo.ovh\/TAEKWORPRESS\/"},{"@type":"ListItem","position":2,"name":"Accueil"}]},{"@type":"WebSite","@id":"https:\/\/nenedemo.ovh\/TAEKWORPRESS\/#website","url":"https:\/\/nenedemo.ovh\/TAEKWORPRESS\/","name":"A.S.M. TAEKWONDO PAU","description":"Association Sportive Municipale de Pau","publisher":{"@id":"https:\/\/nenedemo.ovh\/TAEKWORPRESS\/#organization"},"potentialAction":[{"@type":"SearchAction","target":{"@type":"EntryPoint","urlTemplate":"https:\/\/nenedemo.ovh\/TAEKWORPRESS\/?s={search_term_string}"},"query-input":"required name=search_term_string"}],"inLanguage":"fr-FR"},{"@type":"Organization","@id":"https:\/\/nenedemo.ovh\/TAEKWORPRESS\/#organization","name":"Association Sportive Municipale de Pau","url":"https:\/\/nenedemo.ovh\/TAEKWORPRESS\/","logo":{"@type":"ImageObject","inLanguage":"fr-FR","@id":"https:\/\/nenedemo.ovh\/TAEKWORPRESS\/#\/schema\/logo\/image\/","url":"https:\/\/nenedemo.ovh\/TAEKWORPRESS\/wp-content\/uploads\/2023\/08\/cropped-LOGO_FINAL_ASM-1.png","contentUrl":"https:\/\/nenedemo.ovh\/TAEKWORPRESS\/wp-content\/uploads\/2023\/08\/cropped-LOGO_FINAL_ASM-1.png","width":250,"height":250,"caption":"Association Sportive Municipale de Pau"},"image":{"@id":"https:\/\/nenedemo.ovh\/TAEKWORPRESS\/#\/schema\/logo\/image\/"},"sameAs":["https:\/\/www.facebook.com\/groups\/210021564364\/"]}]}},"_links":{"self":[{"href":"https:\/\/nenedemo.ovh\/TAEKWORPRESS\/index.php?rest_route=\/wp\/v2\/pages\/1207","targetHints":{"allow":["GET"]}}],"collection":[{"href":"https:\/\/nenedemo.ovh\/TAEKWORPRESS\/index.php?rest_route=\/wp\/v2\/pages"}],"about":[{"href":"https:\/\/nenedemo.ovh\/TAEKWORPRESS\/index.php?rest_route=\/wp\/v2\/types\/page"}],"author":[{"embeddable":true,"href":"https:\/\/nenedemo.ovh\/TAEKWORPRESS\/index.php?rest_route=\/wp\/v2\/users\/3"}],"replies":[{"embeddable":true,"href":"https:\/\/nenedemo.ovh\/TAEKWORPRESS\/index.php?rest_route=%2Fwp%2Fv2%2Fcomments&post=1207"}],"version-history":[{"count":125,"href":"https:\/\/nenedemo.ovh\/TAEKWORPRESS\/index.php?rest_route=\/wp\/v2\/pages\/1207\/revisions"}],"predecessor-version":[{"id":2313,"href":"https:\/\/nenedemo.ovh\/TAEKWORPRESS\/index.php?rest_route=\/wp\/v2\/pages\/1207\/revisions\/2313"}],"wp:attachment":[{"href":"https:\/\/nenedemo.ovh\/TAEKWORPRESS\/index.php?rest_route=%2Fwp%2Fv2%2Fmedia&parent=1207"}],"curies":[{"name":"wp","href":"https:\/\/api.w.org\/{rel}","templated":true}]}}